{"id":6462,"date":"2025-01-02T15:57:58","date_gmt":"2025-01-02T14:57:58","guid":{"rendered":"https:\/\/numalis.com\/?page_id=6462"},"modified":"2025-07-03T14:23:11","modified_gmt":"2025-07-03T12:23:11","slug":"mentions-legales","status":"publish","type":"page","link":"https:\/\/numalis.com\/fr\/mentions-legales\/","title":{"rendered":"Mentions l\u00e9gales"},"content":{"rendered":"\t\t<div data-elementor-type=\"wp-page\" data-elementor-id=\"6462\" class=\"elementor elementor-6462\" data-elementor-post-type=\"page\">\n\t\t\t\t<div class=\"elementor-element elementor-element-abc712d e-flex e-con-boxed e-con e-parent\" data-id=\"abc712d\" data-element_type=\"container\" data-e-type=\"container\">\n\t\t\t\t\t<div class=\"e-con-inner\">\n\t\t\t\t<div class=\"elementor-element elementor-element-798403a elementor-widget__width-initial elementor-widget elementor-widget-heading\" data-id=\"798403a\" data-element_type=\"widget\" data-e-type=\"widget\" data-widget_type=\"heading.default\">\n\t\t\t\t<div class=\"elementor-widget-container\">\n\t\t\t\t\t<h1 class=\"elementor-heading-title elementor-size-default\">Mentions l\u00e9gales<\/h1>\t\t\t\t<\/div>\n\t\t\t\t<\/div>\n\t\t\t\t<div class=\"elementor-element elementor-element-6096336 elementor-widget elementor-widget-text-editor\" data-id=\"6096336\" data-element_type=\"widget\" data-e-type=\"widget\" data-widget_type=\"text-editor.default\">\n\t\t\t\t<div class=\"elementor-widget-container\">\n\t\t\t\t\t\t\t\t\t<p><strong>\u00c9DITEUR DE LA SOLUTION<\/strong><\/p><p>SAS NUMALIS<br \/>Capital social\u00a0: 149\u00a0760 \u20ac<br \/>Si\u00e8ge social\u00a0: BUREAUX DU POLYGONE, 265 AVENUE DES ETATS DU LANGUEDOC, 34000 MONTPELLIER<br \/>RCS MONTPELLIER &#8211; n\u00b0 <a href=\"https:\/\/annuaire-entreprises.data.gouv.fr\/entreprise\/numalis-numalis-814614020\" target=\"_blank\" rel=\"noopener\">814 614 020<\/a><br \/>N\u00b0 SIRET\u00a0: 81461402000026<br \/>N\u00b0 TVA intra : FR16814614020<br \/>T\u00e9l : +33 (0) 467 151 078<br \/>Email : administration [at] numalis.com<\/p><p><strong>RESPONSABLE DE LA PUBLICATION<\/strong><\/p><p>Monsieur Arnault IOUALALEN<\/p><p><strong>H\u00c9BERGEUR DE LA SOLUTION<\/strong><\/p><p>INFOMANIAK NETWORK SA<br \/>Capital social\u202f: 50.000.000 euros\u00a0<br \/>Si\u00e8ge social\u202f: 25 rue Eug\u00e8ne Marziano \u2013 1227 LES ACACIAS (GE)\u00a0<br \/>Registre du commerce du canton de Gen\u00e8ve &#8211; n\u00b0 CH-660.0.059.996-1<br \/>T\u00e9l\u202f: +41 22 820 35 40<br \/>Contact\u202f: https:\/\/www.infomaniak.com\/fr\/aide <br \/>Site internet\u202f: www.infomaniak.com<\/p><p><strong>PROPRIETE INTELLECTUELLE<\/strong><\/p><p><strong>Numalis est une marque d\u00e9pos\u00e9e<\/strong>\u00a0enregistr\u00e9e sous les num\u00e9ros: <a href=\"https:\/\/data.inpi.fr\/marques\/FR4124977\" target=\"_blank\" rel=\"noopener\">FR4124977<\/a> and <a href=\"https:\/\/data.inpi.fr\/marques\/FR5056059\" target=\"_blank\" rel=\"noopener\">FR 24 5056059<\/a><\/p><p>L\u2019\u00e9diteur est propri\u00e9taire des droits de propri\u00e9t\u00e9 intellectuelle ou d\u00e9tient les droits d\u2019usage sur tous les \u00e9l\u00e9ments accessibles sur le site, notamment les textes, images, marques, graphismes, logo, ic\u00f4nes, sons, vid\u00e9os, logiciels &#8230;<\/p><p>Toute reproduction, repr\u00e9sentation, modification, publication, adaptation de tout ou partie des \u00e9l\u00e9ments du site, quel que soit le moyen ou le proc\u00e9d\u00e9 utilis\u00e9, est interdite, sauf autorisation \u00e9crite pr\u00e9alable de l\u2019\u00e9diteur.<\/p><p>Toute exploitation non autoris\u00e9e du site ou de l\u2019un quelconque des \u00e9l\u00e9ments qu\u2019il contient sera consid\u00e9r\u00e9e comme constitutive d\u2019une contrefa\u00e7on et poursuivie conform\u00e9ment aux dispositions du Code de Propri\u00e9t\u00e9 Intellectuelle.\u00a0<\/p>\t\t\t\t\t\t\t\t<\/div>\n\t\t\t\t<\/div>\n\t\t\t\t\t<\/div>\n\t\t\t\t<\/div>\n\t\t<div class=\"elementor-element elementor-element-a9ea327 e-con-full e-flex e-con e-parent\" data-id=\"a9ea327\" data-element_type=\"container\" data-e-type=\"container\">\n\t\t\t\t<div class=\"elementor-element elementor-element-c6f8377 elementor-widget elementor-widget-shortcode\" data-id=\"c6f8377\" data-element_type=\"widget\" data-e-type=\"widget\" data-widget_type=\"shortcode.default\">\n\t\t\t\t<div class=\"elementor-widget-container\">\n\t\t\t\t\t\t\t<div class=\"elementor-shortcode\">\t\t<div data-elementor-type=\"container\" data-elementor-id=\"6415\" class=\"elementor elementor-6415 elementor-997 elementor-997\" data-elementor-post-type=\"elementor_library\">\n\t\t\t\t<div class=\"elementor-element elementor-element-5de5f67 e-flex e-con-boxed e-con e-parent\" data-id=\"5de5f67\" data-element_type=\"container\" data-e-type=\"container\">\n\t\t\t\t\t<div class=\"e-con-inner\">\n\t\t\t\t<div class=\"elementor-element elementor-element-c0c0f8b elementor-widget__width-inherit elementor-widget elementor-widget-heading\" data-id=\"c0c0f8b\" data-element_type=\"widget\" data-e-type=\"widget\" data-widget_type=\"heading.default\">\n\t\t\t\t<div class=\"elementor-widget-container\">\n\t\t\t\t\t<h2 class=\"elementor-heading-title elementor-size-default\">Travaillons ensemble<\/h2>\t\t\t\t<\/div>\n\t\t\t\t<\/div>\n\t\t\t\t<div class=\"elementor-element elementor-element-22f2c29 elementor-widget__width-inherit elementor-widget elementor-widget-text-editor\" data-id=\"22f2c29\" data-element_type=\"widget\" data-e-type=\"widget\" data-widget_type=\"text-editor.default\">\n\t\t\t\t<div class=\"elementor-widget-container\">\n\t\t\t\t\t\t\t\t\t<p>Contactez-nous d\u00e8s aujourd&rsquo;hui pour d\u00e9couvrir comment Numalis peut vous aider \u00e0 adopter et \u00e0 d\u00e9ployer l&rsquo;IA en toute confiance.<\/p>\n\t\t\t\t\t\t\t\t<\/div>\n\t\t\t\t<\/div>\n\t\t\t\t<div class=\"elementor-element elementor-element-b4f6261 elementor-widget-mobile__width-inherit elementor-widget elementor-widget-button\" data-id=\"b4f6261\" data-element_type=\"widget\" data-e-type=\"widget\" data-widget_type=\"button.default\">\n\t\t\t\t<div class=\"elementor-widget-container\">\n\t\t\t\t\t\t\t\t\t<div class=\"elementor-button-wrapper\">\n\t\t\t\t\t<a class=\"elementor-button elementor-button-link elementor-size-sm\" href=\"https:\/\/numalis.com\/fr\/contact\/\">\n\t\t\t\t\t\t<span class=\"elementor-button-content-wrapper\">\n\t\t\t\t\t\t<span class=\"elementor-button-icon\">\n\t\t\t\t<i aria-hidden=\"true\" class=\"far fa-envelope\"><\/i>\t\t\t<\/span>\n\t\t\t\t\t\t\t\t\t<span class=\"elementor-button-text\">Nous contacter<\/span>\n\t\t\t\t\t<\/span>\n\t\t\t\t\t<\/a>\n\t\t\t\t<\/div>\n\t\t\t\t\t\t\t\t<\/div>\n\t\t\t\t<\/div>\n\t\t\t\t<div class=\"elementor-element elementor-element-5343c0d elementor-widget-mobile__width-inherit elementor-widget elementor-widget-button\" data-id=\"5343c0d\" data-element_type=\"widget\" data-e-type=\"widget\" data-widget_type=\"button.default\">\n\t\t\t\t<div class=\"elementor-widget-container\">\n\t\t\t\t\t\t\t\t\t<div class=\"elementor-button-wrapper\">\n\t\t\t\t\t<a class=\"elementor-button elementor-button-link elementor-size-sm\" href=\"tel:\/\/+33467151078\">\n\t\t\t\t\t\t<span class=\"elementor-button-content-wrapper\">\n\t\t\t\t\t\t<span class=\"elementor-button-icon\">\n\t\t\t\t<i aria-hidden=\"true\" class=\"fas fa-phone-alt\"><\/i>\t\t\t<\/span>\n\t\t\t\t\t\t\t\t\t<span class=\"elementor-button-text\">+33 (0)4 67 15 10 78<\/span>\n\t\t\t\t\t<\/span>\n\t\t\t\t\t<\/a>\n\t\t\t\t<\/div>\n\t\t\t\t\t\t\t\t<\/div>\n\t\t\t\t<\/div>\n\t\t\t\t\t<\/div>\n\t\t\t\t<\/div>\n\t\t\t\t<\/div>\n\t\t<\/div>\n\t\t\t\t\t\t<\/div>\n\t\t\t\t<\/div>\n\t\t\t\t<\/div>\n\t\t\t\t<\/div>\n\t\t","protected":false},"excerpt":{"rendered":"<p>Mentions l\u00e9gales \u00c9DITEUR DE LA SOLUTION SAS NUMALISCapital social\u00a0: 149\u00a0760 \u20acSi\u00e8ge social\u00a0: BUREAUX DU POLYGONE, 265 AVENUE DES ETATS DU LANGUEDOC, 34000 MONTPELLIERRCS MONTPELLIER &#8211; n\u00b0 814 614 020N\u00b0 SIRET\u00a0: 81461402000026N\u00b0 TVA intra : FR16814614020T\u00e9l : +33 (0) 467 151 078Email : administration [at] numalis.com RESPONSABLE DE LA PUBLICATION Monsieur Arnault IOUALALEN H\u00c9BERGEUR DE LA [&hellip;]<\/p>\n","protected":false},"author":8,"featured_media":0,"parent":0,"menu_order":0,"comment_status":"closed","ping_status":"closed","template":"","meta":{"_acf_changed":false,"_seopress_robots_primary_cat":"","_seopress_titles_title":"","_seopress_titles_desc":"","_seopress_robots_index":"","footnotes":""},"class_list":["post-6462","page","type-page","status-publish","hentry"],"acf":[],"_links":{"self":[{"href":"https:\/\/numalis.com\/fr\/wp-json\/wp\/v2\/pages\/6462","targetHints":{"allow":["GET"]}}],"collection":[{"href":"https:\/\/numalis.com\/fr\/wp-json\/wp\/v2\/pages"}],"about":[{"href":"https:\/\/numalis.com\/fr\/wp-json\/wp\/v2\/types\/page"}],"author":[{"embeddable":true,"href":"https:\/\/numalis.com\/fr\/wp-json\/wp\/v2\/users\/8"}],"replies":[{"embeddable":true,"href":"https:\/\/numalis.com\/fr\/wp-json\/wp\/v2\/comments?post=6462"}],"version-history":[{"count":0,"href":"https:\/\/numalis.com\/fr\/wp-json\/wp\/v2\/pages\/6462\/revisions"}],"wp:attachment":[{"href":"https:\/\/numalis.com\/fr\/wp-json\/wp\/v2\/media?parent=6462"}],"curies":[{"name":"wp","href":"https:\/\/api.w.org\/{rel}","templated":true}]}}