{"id":7645,"date":"2024-09-12T22:17:42","date_gmt":"2024-09-12T20:17:42","guid":{"rendered":"https:\/\/numalis.com\/saimple\/"},"modified":"2025-01-22T19:00:00","modified_gmt":"2025-01-22T18:00:00","slug":"saimple","status":"publish","type":"page","link":"https:\/\/numalis.com\/fr\/saimple\/","title":{"rendered":"Saimple"},"content":{"rendered":"\t\t<div data-elementor-type=\"wp-page\" data-elementor-id=\"7645\" class=\"elementor elementor-7645 elementor-2756\" data-elementor-post-type=\"page\">\n\t\t\t\t<div class=\"elementor-element elementor-element-57ba2c2 e-flex e-con-boxed e-con e-parent\" data-id=\"57ba2c2\" data-element_type=\"container\" data-e-type=\"container\">\n\t\t\t\t\t<div class=\"e-con-inner\">\n\t\t\t\t<div class=\"elementor-element elementor-element-6796369 elementor-widget elementor-widget-heading\" data-id=\"6796369\" data-element_type=\"widget\" data-e-type=\"widget\" data-widget_type=\"heading.default\">\n\t\t\t\t<div class=\"elementor-widget-container\">\n\t\t\t\t\t<h1 class=\"elementor-heading-title elementor-size-default\">Saimple, analyseur statique<br class=\"mobile-br\"> pour la validation de l'IA<\/h1>\t\t\t\t<\/div>\n\t\t\t\t<\/div>\n\t\t\t\t<div class=\"elementor-element elementor-element-8c6cd94 elementor-widget__width-initial elementor-widget elementor-widget-text-editor\" data-id=\"8c6cd94\" data-element_type=\"widget\" data-e-type=\"widget\" data-widget_type=\"text-editor.default\">\n\t\t\t\t<div class=\"elementor-widget-container\">\n\t\t\t\t\t\t\t\t\t<p>Bas\u00e9 sur des interpr\u00e9tations abstraites, l&rsquo;outil s&rsquo;appuie sur des techniques de pointe d\u00e9crites dans les normes ISO\/CEI 24029 pour l&rsquo;\u00e9valuation et la validation de la robustesse des mod\u00e8les d&rsquo;IA<\/p>\n\t\t\t\t\t\t\t\t<\/div>\n\t\t\t\t<\/div>\n\t\t<div class=\"elementor-element elementor-element-55bb19a e-grid e-con-full e-con e-child\" data-id=\"55bb19a\" data-element_type=\"container\" data-e-type=\"container\">\n\t\t\t\t<div class=\"elementor-element elementor-element-a9af73f elementor-widget elementor-widget-image\" data-id=\"a9af73f\" data-element_type=\"widget\" data-e-type=\"widget\" data-widget_type=\"image.default\">\n\t\t\t\t<div class=\"elementor-widget-container\">\n\t\t\t\t\t\t\t\t\t\t\t\t\t\t\t<img alt=\"\" fetchpriority=\"high\" decoding=\"async\" width=\"800\" height=\"543\" src=\"https:\/\/numalis.com\/wp-content\/uploads\/2024\/09\/saimple-interface-87a8f90a-1.png\" class=\"attachment-large size-large wp-image-5915\" alt=\"\" srcset=\"https:\/\/numalis.com\/wp-content\/uploads\/2024\/09\/saimple-interface-87a8f90a-1.png 827w, https:\/\/numalis.com\/wp-content\/uploads\/2024\/09\/saimple-interface-87a8f90a-1-300x204.png 300w, https:\/\/numalis.com\/wp-content\/uploads\/2024\/09\/saimple-interface-87a8f90a-1-768x521.png 768w\" sizes=\"(max-width: 800px) 100vw, 800px\" \/>\t\t\t\t\t\t\t\t\t\t\t\t\t\t\t<\/div>\n\t\t\t\t<\/div>\n\t\t\t\t<div class=\"elementor-element elementor-element-88fdaf0 elementor-widget elementor-widget-text-editor\" data-id=\"88fdaf0\" data-element_type=\"widget\" data-e-type=\"widget\" data-widget_type=\"text-editor.default\">\n\t\t\t\t<div class=\"elementor-widget-container\">\n\t\t\t\t\t\t\t\t\t<p>Avec Saimple, votre organisation peut fournir des syst\u00e8mes d&rsquo;IA fiables et conformes \u00e0 vos politiques de gestion des risques concernant les exigences de robustesse et d&rsquo;explicabilit\u00e9.<\/p>\n<p>Saimple vous aide \u00e0 mettre en \u0153uvre un processus de validation standardis\u00e9 et automatis\u00e9 qui vous permet de gagner du temps et d&rsquo;att\u00e9nuer les risques li\u00e9s \u00e0 l&rsquo;IA, tout au long du cycle de vie.<\/p>\n\t\t\t\t\t\t\t\t<\/div>\n\t\t\t\t<\/div>\n\t\t\t\t<\/div>\n\t\t<div class=\"elementor-element elementor-element-79c90ae e-grid e-con-full e-con e-child\" data-id=\"79c90ae\" data-element_type=\"container\" data-e-type=\"container\">\n\t\t<div class=\"elementor-element elementor-element-22b990b e-con-full e-flex e-con e-child\" data-id=\"22b990b\" data-element_type=\"container\" data-e-type=\"container\" data-settings=\"{&quot;background_background&quot;:&quot;classic&quot;}\">\n\t\t\t\t<div class=\"elementor-element elementor-element-ee8a219 elementor-widget elementor-widget-heading\" data-id=\"ee8a219\" data-element_type=\"widget\" data-e-type=\"widget\" data-widget_type=\"heading.default\">\n\t\t\t\t<div class=\"elementor-widget-container\">\n\t\t\t\t\t<h2 class=\"elementor-heading-title elementor-size-default\">Version SaaS<\/h2>\t\t\t\t<\/div>\n\t\t\t\t<\/div>\n\t\t\t\t<div class=\"elementor-element elementor-element-1ffe3de elementor-widget elementor-widget-text-editor\" data-id=\"1ffe3de\" data-element_type=\"widget\" data-e-type=\"widget\" data-widget_type=\"text-editor.default\">\n\t\t\t\t<div class=\"elementor-widget-container\">\n\t\t\t\t\t\t\t\t\t<p>Saimple est disponible en tant que solution SaaS, \u00e9volutive pour les organisations de toutes tailles. Il peut \u00eatre utilis\u00e9e \u00e0 la fois via une interface Web et une API accessible depuis n&rsquo;importe quel environnement.<\/p>\n<p>Avec l&rsquo;API, vous pouvez int\u00e9grer la solution directement dans vos flux de d\u00e9veloppement et de validation tout au long du cycle de vie du produit.<\/p>\n\t\t\t\t\t\t\t\t<\/div>\n\t\t\t\t<\/div>\n\t\t\t\t<\/div>\n\t\t<div class=\"elementor-element elementor-element-c1cde2e e-con-full e-flex e-con e-child\" data-id=\"c1cde2e\" data-element_type=\"container\" data-e-type=\"container\" data-settings=\"{&quot;background_background&quot;:&quot;classic&quot;}\">\n\t\t\t\t<div class=\"elementor-element elementor-element-1b87cef elementor-widget elementor-widget-heading\" data-id=\"1b87cef\" data-element_type=\"widget\" data-e-type=\"widget\" data-widget_type=\"heading.default\">\n\t\t\t\t<div class=\"elementor-widget-container\">\n\t\t\t\t\t<h2 class=\"elementor-heading-title elementor-size-default\">Option sur site<\/h2>\t\t\t\t<\/div>\n\t\t\t\t<\/div>\n\t\t\t\t<div class=\"elementor-element elementor-element-7c5c65c elementor-widget elementor-widget-text-editor\" data-id=\"7c5c65c\" data-element_type=\"widget\" data-e-type=\"widget\" data-widget_type=\"text-editor.default\">\n\t\t\t\t<div class=\"elementor-widget-container\">\n\t\t\t\t\t\t\t\t\t<p>Saimple peut \u00eatre d\u00e9ploy\u00e9 sur site pour les entreprises ayant des exigences de s\u00e9curit\u00e9 \u00e9lev\u00e9es, comme les grands comptes des secteurs critiques.<\/p>\n<p>Nous veillons \u00e0 ce que l&rsquo;outil soit toujours disponible sur votre infrastructure, et tout reste en interne.<\/p>\n\t\t\t\t\t\t\t\t<\/div>\n\t\t\t\t<\/div>\n\t\t\t\t<\/div>\n\t\t\t\t<\/div>\n\t\t<div class=\"elementor-element elementor-element-c330b04 e-grid e-con-full e-con e-child\" data-id=\"c330b04\" data-element_type=\"container\" data-e-type=\"container\" data-settings=\"{&quot;background_background&quot;:&quot;classic&quot;}\">\n\t\t<div class=\"elementor-element elementor-element-9ac8017 e-con-full e-flex e-con e-child\" data-id=\"9ac8017\" data-element_type=\"container\" data-e-type=\"container\">\n\t\t\t\t<div class=\"elementor-element elementor-element-648153f elementor-widget elementor-widget-heading\" data-id=\"648153f\" data-element_type=\"widget\" data-e-type=\"widget\" data-widget_type=\"heading.default\">\n\t\t\t\t<div class=\"elementor-widget-container\">\n\t\t\t\t\t<h2 class=\"elementor-heading-title elementor-size-default\">\u00c9coles et universit\u00e9s de l'IA<\/h2>\t\t\t\t<\/div>\n\t\t\t\t<\/div>\n\t\t\t\t<div class=\"elementor-element elementor-element-9611955 elementor-widget elementor-widget-text-editor\" data-id=\"9611955\" data-element_type=\"widget\" data-e-type=\"widget\" data-widget_type=\"text-editor.default\">\n\t\t\t\t<div class=\"elementor-widget-container\">\n\t\t\t\t\t\t\t\t\t<p>Nous nous engageons \u00e0 contribuer \u00e0 inculquer une culture de confiance dans la mise en \u0153uvre de l&rsquo;IA. Nous fournissons pour cela un outil SaaS de pointe pour l&rsquo;\u00e9ducation et les futurs professionnels sp\u00e9cialis\u00e9s de l&rsquo;IA.<\/p>\n<p><strong>D\u00e9couvrez notre implication<\/strong><\/p>\n<ul>\n<li>Lancer des formations sur la fiabilit\u00e9, la confiance et la standardisation de l&rsquo;IA<\/li>\n<li>Former les enseignants avec des outils de pointe<\/li>\n<li>Permettre aux \u00e9tudiants de s\u2019essayer \u00e0 un outil r\u00e9el utilis\u00e9 dans l&rsquo;industrie<\/li>\n<\/ul>\n\t\t\t\t\t\t\t\t<\/div>\n\t\t\t\t<\/div>\n\t\t\t\t<\/div>\n\t\t\t\t<div class=\"elementor-element elementor-element-c29447e elementor-widget elementor-widget-image\" data-id=\"c29447e\" data-element_type=\"widget\" data-e-type=\"widget\" data-widget_type=\"image.default\">\n\t\t\t\t<div class=\"elementor-widget-container\">\n\t\t\t\t\t\t\t\t\t\t\t\t\t\t\t<img alt=\"\" decoding=\"async\" width=\"716\" height=\"519\" src=\"https:\/\/numalis.com\/wp-content\/uploads\/2024\/09\/Rectangle-5.png\" class=\"attachment-large size-large wp-image-5916\" alt=\"\" srcset=\"https:\/\/numalis.com\/wp-content\/uploads\/2024\/09\/Rectangle-5.png 716w, https:\/\/numalis.com\/wp-content\/uploads\/2024\/09\/Rectangle-5-300x217.png 300w\" sizes=\"(max-width: 716px) 100vw, 716px\" \/>\t\t\t\t\t\t\t\t\t\t\t\t\t\t\t<\/div>\n\t\t\t\t<\/div>\n\t\t\t\t<\/div>\n\t\t<div class=\"elementor-element elementor-element-072905c e-con-full e-flex e-con e-child\" data-id=\"072905c\" data-element_type=\"container\" data-e-type=\"container\" data-settings=\"{&quot;background_background&quot;:&quot;classic&quot;}\">\n\t\t\t\t<div class=\"elementor-element elementor-element-611aa2a elementor-widget elementor-widget-heading\" data-id=\"611aa2a\" data-element_type=\"widget\" data-e-type=\"widget\" data-widget_type=\"heading.default\">\n\t\t\t\t<div class=\"elementor-widget-container\">\n\t\t\t\t\t<h2 class=\"elementor-heading-title elementor-size-default\">La validation de l'IA facilit\u00e9e par Saimple<\/h2>\t\t\t\t<\/div>\n\t\t\t\t<\/div>\n\t\t\t\t<div class=\"elementor-element elementor-element-79aedbd elementor-widget elementor-widget-text-editor\" data-id=\"79aedbd\" data-element_type=\"widget\" data-e-type=\"widget\" data-widget_type=\"text-editor.default\">\n\t\t\t\t<div class=\"elementor-widget-container\">\n\t\t\t\t\t\t\t\t\t<p>Vous souhaitez en savoir plus sur les caract\u00e9ristiques et les avantages de Saimple\u00a0?<\/p>\n\t\t\t\t\t\t\t\t<\/div>\n\t\t\t\t<\/div>\n\t\t\t\t<div class=\"elementor-element elementor-element-6722a86 elementor-widget__width-auto elementor-widget elementor-widget-button\" data-id=\"6722a86\" data-element_type=\"widget\" data-e-type=\"widget\" data-widget_type=\"button.default\">\n\t\t\t\t<div class=\"elementor-widget-container\">\n\t\t\t\t\t\t\t\t\t<div class=\"elementor-button-wrapper\">\n\t\t\t\t\t<a class=\"elementor-button elementor-button-link elementor-size-sm\" href=\"https:\/\/saimple.com\/\" target=\"_blank\">\n\t\t\t\t\t\t<span class=\"elementor-button-content-wrapper\">\n\t\t\t\t\t\t\t\t\t<span class=\"elementor-button-text\">D\u00e9couvrez Saimple<\/span>\n\t\t\t\t\t<\/span>\n\t\t\t\t\t<\/a>\n\t\t\t\t<\/div>\n\t\t\t\t\t\t\t\t<\/div>\n\t\t\t\t<\/div>\n\t\t\t\t<\/div>\n\t\t\t\t\t<\/div>\n\t\t\t\t<\/div>\n\t\t\t\t<\/div>\n\t\t","protected":false},"excerpt":{"rendered":"<p>Saimple, analyseur statique pour la validation de l&rsquo;IA Bas\u00e9 sur des interpr\u00e9tations abstraites, l&rsquo;outil s&rsquo;appuie sur des techniques de pointe d\u00e9crites dans les normes ISO\/CEI 24029 pour l&rsquo;\u00e9valuation et la validation de la robustesse des mod\u00e8les d&rsquo;IA Avec Saimple, votre organisation peut fournir des syst\u00e8mes d&rsquo;IA fiables et conformes \u00e0 vos politiques de gestion des [&hellip;]<\/p>\n","protected":false},"author":8,"featured_media":0,"parent":0,"menu_order":0,"comment_status":"closed","ping_status":"closed","template":"elementor_header_footer","meta":{"_acf_changed":false,"_seopress_robots_primary_cat":"","_seopress_titles_title":"","_seopress_titles_desc":"","_seopress_robots_index":"","footnotes":""},"class_list":["post-7645","page","type-page","status-publish","hentry"],"acf":[],"_links":{"self":[{"href":"https:\/\/numalis.com\/fr\/wp-json\/wp\/v2\/pages\/7645","targetHints":{"allow":["GET"]}}],"collection":[{"href":"https:\/\/numalis.com\/fr\/wp-json\/wp\/v2\/pages"}],"about":[{"href":"https:\/\/numalis.com\/fr\/wp-json\/wp\/v2\/types\/page"}],"author":[{"embeddable":true,"href":"https:\/\/numalis.com\/fr\/wp-json\/wp\/v2\/users\/8"}],"replies":[{"embeddable":true,"href":"https:\/\/numalis.com\/fr\/wp-json\/wp\/v2\/comments?post=7645"}],"version-history":[{"count":0,"href":"https:\/\/numalis.com\/fr\/wp-json\/wp\/v2\/pages\/7645\/revisions"}],"wp:attachment":[{"href":"https:\/\/numalis.com\/fr\/wp-json\/wp\/v2\/media?parent=7645"}],"curies":[{"name":"wp","href":"https:\/\/api.w.org\/{rel}","templated":true}]}}