{"id":7647,"date":"2024-07-06T13:10:48","date_gmt":"2024-07-06T11:10:48","guid":{"rendered":"https:\/\/numalis.com\/rd-enseignement\/"},"modified":"2025-01-22T19:00:07","modified_gmt":"2025-01-22T18:00:07","slug":"rd-enseignement","status":"publish","type":"page","link":"https:\/\/numalis.com\/fr\/rd-enseignement\/","title":{"rendered":"R&amp;D + Enseignement"},"content":{"rendered":"\t\t<div data-elementor-type=\"wp-page\" data-elementor-id=\"7647\" class=\"elementor elementor-7647 elementor-1768\" data-elementor-post-type=\"page\">\n\t\t\t\t<div class=\"elementor-element elementor-element-610ee4e e-flex e-con-boxed e-con e-parent\" data-id=\"610ee4e\" data-element_type=\"container\" data-e-type=\"container\">\n\t\t\t\t\t<div class=\"e-con-inner\">\n\t\t\t\t<div class=\"elementor-element elementor-element-5e11281 elementor-widget__width-initial elementor-widget elementor-widget-heading\" data-id=\"5e11281\" data-element_type=\"widget\" data-e-type=\"widget\" data-widget_type=\"heading.default\">\n\t\t\t\t<div class=\"elementor-widget-container\">\n\t\t\t\t\t<h1 class=\"elementor-heading-title elementor-size-default\">R&amp;D et Enseignement<\/h1>\t\t\t\t<\/div>\n\t\t\t\t<\/div>\n\t\t\t\t<div class=\"elementor-element elementor-element-8375497 elementor-widget elementor-widget-text-editor\" data-id=\"8375497\" data-element_type=\"widget\" data-e-type=\"widget\" data-widget_type=\"text-editor.default\">\n\t\t\t\t<div class=\"elementor-widget-container\">\n\t\t\t\t\t\t\t\t\t<p>R&amp;D est l&rsquo;essence m\u00eame de Numalis, avec une \u00e9quipe forte et d\u00e9di\u00e9e \u00e0 repousser les limites de la validation de l&rsquo;IA et \u00e0 permettre son impl\u00e9mentation dans tous les outils industriels.<\/p>\n\t\t\t\t\t\t\t\t<\/div>\n\t\t\t\t<\/div>\n\t\t\t\t\t<\/div>\n\t\t\t\t<\/div>\n\t\t<div class=\"elementor-element elementor-element-5659db2 e-flex e-con-boxed e-con e-parent\" data-id=\"5659db2\" data-element_type=\"container\" data-e-type=\"container\">\n\t\t\t\t\t<div class=\"e-con-inner\">\n\t\t\t\t<div class=\"elementor-element elementor-element-80a1bda elementor-widget__width-initial elementor-widget elementor-widget-text-editor\" data-id=\"80a1bda\" data-element_type=\"widget\" data-e-type=\"widget\" data-widget_type=\"text-editor.default\">\n\t\t\t\t<div class=\"elementor-widget-container\">\n\t\t\t\t\t\t\t\t\t<h2>Enseignement<\/h2>\n<p>Nous permettons aux industries de mettre en \u0153uvre les derni\u00e8res m\u00e9thodes acad\u00e9miques de validation de l&rsquo;IA afin de garantir la fiabilit\u00e9.<\/p>\n\t\t\t\t\t\t\t\t<\/div>\n\t\t\t\t<\/div>\n\t\t<div class=\"elementor-element elementor-element-612549d e-con-full e-flex e-con e-child\" data-id=\"612549d\" data-element_type=\"container\" data-e-type=\"container\">\n\t\t\t\t<div class=\"elementor-element elementor-element-95b4e02 elementor-widget-mobile__width-inherit elementor-widget elementor-widget-image\" data-id=\"95b4e02\" data-element_type=\"widget\" data-e-type=\"widget\" data-widget_type=\"image.default\">\n\t\t\t\t<div class=\"elementor-widget-container\">\n\t\t\t\t\t\t\t\t\t\t\t\t\t\t\t<img alt=\"\" fetchpriority=\"high\" decoding=\"async\" width=\"768\" height=\"432\" src=\"https:\/\/numalis.com\/wp-content\/uploads\/2024\/07\/Education-768x432.webp\" class=\"attachment-medium_large size-medium_large wp-image-5885\" alt=\"\" srcset=\"https:\/\/numalis.com\/wp-content\/uploads\/2024\/07\/Education-768x432.webp 768w, https:\/\/numalis.com\/wp-content\/uploads\/2024\/07\/Education-300x169.webp 300w, https:\/\/numalis.com\/wp-content\/uploads\/2024\/07\/Education-1024x576.webp 1024w, https:\/\/numalis.com\/wp-content\/uploads\/2024\/07\/Education-1536x864.webp 1536w, https:\/\/numalis.com\/wp-content\/uploads\/2024\/07\/Education.webp 1778w\" sizes=\"(max-width: 768px) 100vw, 768px\" \/>\t\t\t\t\t\t\t\t\t\t\t\t\t\t\t<\/div>\n\t\t\t\t<\/div>\n\t\t\t\t<div class=\"elementor-element elementor-element-9f77c84 elementor-widget__width-initial elementor-widget elementor-widget-text-editor\" data-id=\"9f77c84\" data-element_type=\"widget\" data-e-type=\"widget\" data-widget_type=\"text-editor.default\">\n\t\t\t\t<div class=\"elementor-widget-container\">\n\t\t\t\t\t\t\t\t\t<p>D\u00e8s ses origines, Numalis a toujours \u00e9t\u00e9 un pont entre le monde acad\u00e9mique et l&rsquo;industrie, avec pour objectif, le transfert des innovations acad\u00e9miques et des m\u00e9thodes de pointe vers l&rsquo;industrie. Pour ce faire, Numalis industrialise plus de 20\u00a0ans de travaux de recherche.<\/p>\n\t\t\t\t\t\t\t\t<\/div>\n\t\t\t\t<\/div>\n\t\t\t\t<\/div>\n\t\t<div class=\"elementor-element elementor-element-22818ea e-con-full e-flex e-con e-child\" data-id=\"22818ea\" data-element_type=\"container\" data-e-type=\"container\" data-settings=\"{&quot;background_background&quot;:&quot;classic&quot;}\">\n\t\t\t\t<div class=\"elementor-element elementor-element-a422758 elementor-widget__width-initial elementor-widget elementor-widget-text-editor\" data-id=\"a422758\" data-element_type=\"widget\" data-e-type=\"widget\" data-widget_type=\"text-editor.default\">\n\t\t\t\t<div class=\"elementor-widget-container\">\n\t\t\t\t\t\t\t\t\t<h3>Numalis entretient d\u2019\u00e9troites relations avec plusieurs centres de recherche, laboratoires universitaires et groupes d&rsquo;experts de haut niveau\u00a0:<\/h3>\n<p>.<\/p>\n\t\t\t\t\t\t\t\t<\/div>\n\t\t\t\t<\/div>\n\t\t\t\t<div class=\"elementor-element elementor-element-9f15f24 gallery-spacing-custom elementor-widget__width-inherit elementor-widget elementor-widget-image-gallery\" data-id=\"9f15f24\" data-element_type=\"widget\" data-e-type=\"widget\" data-widget_type=\"image-gallery.default\">\n\t\t\t\t<div class=\"elementor-widget-container\">\n\t\t\t\t\t\t\t<div class=\"elementor-image-gallery\">\n\t\t\t<div id='gallery-1' class='gallery galleryid-7647 gallery-columns-5 gallery-size-full'><figure class='gallery-item'>\n\t\t\t<div class='gallery-icon landscape'>\n\t\t\t\t<img decoding=\"async\" width=\"176\" height=\"109\" src=\"https:\/\/numalis.com\/wp-content\/uploads\/2024\/10\/UPVD.png\" class=\"attachment-full size-full\" alt=\"\" \/>\n\t\t\t<\/div><\/figure><figure class='gallery-item'>\n\t\t\t<div class='gallery-icon landscape'>\n\t\t\t\t<img decoding=\"async\" width=\"176\" height=\"109\" src=\"https:\/\/numalis.com\/wp-content\/uploads\/2024\/10\/ONERIA.png\" class=\"attachment-full size-full\" alt=\"\" \/>\n\t\t\t<\/div><\/figure><figure class='gallery-item'>\n\t\t\t<div class='gallery-icon landscape'>\n\t\t\t\t<img loading=\"lazy\" decoding=\"async\" width=\"176\" height=\"109\" src=\"https:\/\/numalis.com\/wp-content\/uploads\/2024\/10\/UNIVERSITE-MONTPELLIER.png\" class=\"attachment-full size-full\" alt=\"\" \/>\n\t\t\t<\/div><\/figure><figure class='gallery-item'>\n\t\t\t<div class='gallery-icon landscape'>\n\t\t\t\t<img loading=\"lazy\" decoding=\"async\" width=\"176\" height=\"109\" src=\"https:\/\/numalis.com\/wp-content\/uploads\/2024\/10\/CNES.png\" class=\"attachment-full size-full\" alt=\"\" \/>\n\t\t\t<\/div><\/figure><figure class='gallery-item'>\n\t\t\t<div class='gallery-icon landscape'>\n\t\t\t\t<img loading=\"lazy\" decoding=\"async\" width=\"176\" height=\"109\" src=\"https:\/\/numalis.com\/wp-content\/uploads\/2024\/10\/CEA-LIST.png\" class=\"attachment-full size-full\" alt=\"\" \/>\n\t\t\t<\/div><\/figure>\n\t\t<\/div>\n\t\t<\/div>\n\t\t\t\t\t\t<\/div>\n\t\t\t\t<\/div>\n\t\t\t\t<\/div>\n\t\t\t\t\t<\/div>\n\t\t\t\t<\/div>\n\t\t<div class=\"elementor-element elementor-element-7184d3c e-flex e-con-boxed e-con e-parent\" data-id=\"7184d3c\" data-element_type=\"container\" data-e-type=\"container\" data-settings=\"{&quot;background_background&quot;:&quot;classic&quot;}\">\n\t\t\t\t\t<div class=\"e-con-inner\">\n\t\t\t\t<div class=\"elementor-element elementor-element-cf9d503 elementor-widget__width-initial elementor-widget elementor-widget-text-editor\" data-id=\"cf9d503\" data-element_type=\"widget\" data-e-type=\"widget\" data-widget_type=\"text-editor.default\">\n\t\t\t\t<div class=\"elementor-widget-container\">\n\t\t\t\t\t\t\t\t\t<h2 style=\"color: var(--e-global-color-text);\">\u00c9coles<\/h2>\n<p>Contribuer \u00e0 la formation de la prochaine g\u00e9n\u00e9ration en fournissant des solutions industrielles de pointe.<\/p>\n\t\t\t\t\t\t\t\t<\/div>\n\t\t\t\t<\/div>\n\t\t<div class=\"elementor-element elementor-element-003c52c e-con-full e-flex e-con e-child\" data-id=\"003c52c\" data-element_type=\"container\" data-e-type=\"container\">\n\t\t<div class=\"elementor-element elementor-element-e453487 e-con-full e-flex e-con e-child\" data-id=\"e453487\" data-element_type=\"container\" data-e-type=\"container\">\n\t\t\t\t<div class=\"elementor-element elementor-element-718ea4b elementor-widget__width-initial elementor-widget elementor-widget-text-editor\" data-id=\"718ea4b\" data-element_type=\"widget\" data-e-type=\"widget\" data-widget_type=\"text-editor.default\">\n\t\t\t\t<div class=\"elementor-widget-container\">\n\t\t\t\t\t\t\t\t\t<p>Nous permettons au secteur de l&rsquo;\u00e9ducation de fournir une formation de qualit\u00e9 aux g\u00e9n\u00e9rations qui auront bient\u00f4t la charge du d\u00e9veloppement de l&rsquo;IA. Nous nous engageons \u00e0\u00a0:<\/p>\n<ul>\n<li>Aider \u00e0 organiser des formations sur la fiabilit\u00e9, la confiance et la normalisation de l&rsquo;IA<\/li>\n<li>Former les enseignants avec des outils de pointe<\/li>\n<li>Donner aux \u00e9tudiants l&rsquo;acc\u00e8s \u00e0 un outil r\u00e9el d\u00e9j\u00e0 utilis\u00e9 dans l&rsquo;industrie<\/li>\n<\/ul>\n<p><a href=\"https:\/\/saimple.com\/saimple-a-cutting-edge-saas-tool-for-education-and-future-ai-elite-professionals\/\" target=\"_blank\" rel=\"noopener\">D\u00e9couvrez le programme d&rsquo;excellence dans l\u2019\u00e9ducation<\/a><\/p>\n\t\t\t\t\t\t\t\t<\/div>\n\t\t\t\t<\/div>\n\t\t\t\t<\/div>\n\t\t\t\t<div class=\"elementor-element elementor-element-2f14091 elementor-widget-mobile__width-inherit elementor-widget elementor-widget-image\" data-id=\"2f14091\" data-element_type=\"widget\" data-e-type=\"widget\" data-widget_type=\"image.default\">\n\t\t\t\t<div class=\"elementor-widget-container\">\n\t\t\t\t\t\t\t\t\t\t\t\t\t\t\t<img alt=\"\" loading=\"lazy\" decoding=\"async\" width=\"768\" height=\"576\" src=\"https:\/\/numalis.com\/wp-content\/uploads\/2024\/08\/numalis-and-ai-schools-768x576.jpg\" class=\"attachment-medium_large size-medium_large wp-image-5912\" alt=\"\" srcset=\"https:\/\/numalis.com\/wp-content\/uploads\/2024\/08\/numalis-and-ai-schools-768x576.jpg.webp 768w, https:\/\/numalis.com\/wp-content\/uploads\/2024\/08\/numalis-and-ai-schools-300x225.jpg.webp 300w, https:\/\/numalis.com\/wp-content\/uploads\/2024\/08\/numalis-and-ai-schools-1024x768.jpg.webp 1024w, https:\/\/numalis.com\/wp-content\/uploads\/2024\/08\/numalis-and-ai-schools-1536x1152.jpg.webp 1536w, https:\/\/numalis.com\/wp-content\/uploads\/2024\/08\/numalis-and-ai-schools.jpg.webp 1600w\" sizes=\"(max-width: 768px) 100vw, 768px\" \/>\t\t\t\t\t\t\t\t\t\t\t\t\t\t\t<\/div>\n\t\t\t\t<\/div>\n\t\t\t\t<\/div>\n\t\t<div class=\"elementor-element elementor-element-b2d0719 e-con-full e-flex e-con e-child\" data-id=\"b2d0719\" data-element_type=\"container\" data-e-type=\"container\">\n\t\t\t\t<div class=\"elementor-element elementor-element-37042fa elementor-widget__width-initial elementor-widget elementor-widget-text-editor\" data-id=\"37042fa\" data-element_type=\"widget\" data-e-type=\"widget\" data-widget_type=\"text-editor.default\">\n\t\t\t\t<div class=\"elementor-widget-container\">\n\t\t\t\t\t\t\t\t\t<h3>Numalis participe \u00e0 des programmes d&rsquo;excellence\u00a0:<\/h3>\n\t\t\t\t\t\t\t\t<\/div>\n\t\t\t\t<\/div>\n\t\t\t\t<div class=\"elementor-element elementor-element-ff899e1 gallery-spacing-custom elementor-widget__width-inherit elementor-widget elementor-widget-image-gallery\" data-id=\"ff899e1\" data-element_type=\"widget\" data-e-type=\"widget\" data-widget_type=\"image-gallery.default\">\n\t\t\t\t<div class=\"elementor-widget-container\">\n\t\t\t\t\t\t\t<div class=\"elementor-image-gallery\">\n\t\t\t<div id='gallery-2' class='gallery galleryid-7647 gallery-columns-6 gallery-size-full'><figure class='gallery-item'>\n\t\t\t<div class='gallery-icon landscape'>\n\t\t\t\t<img loading=\"lazy\" decoding=\"async\" width=\"170\" height=\"106\" src=\"https:\/\/numalis.com\/wp-content\/uploads\/2024\/12\/ecole-de-guerre-logo.svg\" class=\"attachment-full size-full\" alt=\"\" \/>\n\t\t\t<\/div><\/figure><figure class='gallery-item'>\n\t\t\t<div class='gallery-icon landscape'>\n\t\t\t\t<img loading=\"lazy\" decoding=\"async\" width=\"170\" height=\"106\" src=\"https:\/\/numalis.com\/wp-content\/uploads\/2024\/12\/iehdn-logo.svg\" class=\"attachment-full size-full\" alt=\"\" \/>\n\t\t\t<\/div><\/figure><figure class='gallery-item'>\n\t\t\t<div class='gallery-icon landscape'>\n\t\t\t\t<img loading=\"lazy\" decoding=\"async\" width=\"170\" height=\"106\" src=\"https:\/\/numalis.com\/wp-content\/uploads\/2024\/12\/uga-logo.svg\" class=\"attachment-full size-full\" alt=\"\" \/>\n\t\t\t<\/div><\/figure><figure class='gallery-item'>\n\t\t\t<div class='gallery-icon landscape'>\n\t\t\t\t<img loading=\"lazy\" decoding=\"async\" width=\"170\" height=\"106\" src=\"https:\/\/numalis.com\/wp-content\/uploads\/2024\/12\/mines-paris-logo.svg\" class=\"attachment-full size-full\" alt=\"\" \/>\n\t\t\t<\/div><\/figure><figure class='gallery-item'>\n\t\t\t<div class='gallery-icon landscape'>\n\t\t\t\t<img loading=\"lazy\" decoding=\"async\" width=\"170\" height=\"106\" src=\"https:\/\/numalis.com\/wp-content\/uploads\/2024\/12\/universtie-luxembourg-logo.svg\" class=\"attachment-full size-full\" alt=\"\" \/>\n\t\t\t<\/div><\/figure><figure class='gallery-item'>\n\t\t\t<div class='gallery-icon landscape'>\n\t\t\t\t<img loading=\"lazy\" decoding=\"async\" width=\"170\" height=\"106\" src=\"https:\/\/numalis.com\/wp-content\/uploads\/2024\/12\/university-tsukuba-logo.svg\" class=\"attachment-full size-full\" alt=\"\" \/>\n\t\t\t<\/div><\/figure>\n\t\t<\/div>\n\t\t<\/div>\n\t\t\t\t\t\t<\/div>\n\t\t\t\t<\/div>\n\t\t\t\t<\/div>\n\t\t\t\t\t<\/div>\n\t\t\t\t<\/div>\n\t\t<div class=\"elementor-element elementor-element-925e799 e-flex e-con-boxed e-con e-parent\" data-id=\"925e799\" data-element_type=\"container\" data-e-type=\"container\">\n\t\t\t\t\t<div class=\"e-con-inner\">\n\t\t\t\t<div class=\"elementor-element elementor-element-6215f83 elementor-widget__width-initial elementor-widget elementor-widget-text-editor\" data-id=\"6215f83\" data-element_type=\"widget\" data-e-type=\"widget\" data-widget_type=\"text-editor.default\">\n\t\t\t\t<div class=\"elementor-widget-container\">\n\t\t\t\t\t\t\t\t\t<h2>Recherche<\/h2>\n<p>Toujours \u00e0 la pointe de la recherche dans le secteur de l\u2019IA, Numalis participe \u00e0 la publication d&rsquo;articles scientifiques.<\/p>\n\t\t\t\t\t\t\t\t<\/div>\n\t\t\t\t<\/div>\n\t\t<div class=\"elementor-element elementor-element-390188f e-con-full e-flex e-con e-child\" data-id=\"390188f\" data-element_type=\"container\" data-e-type=\"container\">\n\t\t\t\t<div class=\"elementor-element elementor-element-5f88915 elementor-widget-mobile__width-inherit elementor-widget elementor-widget-image\" data-id=\"5f88915\" data-element_type=\"widget\" data-e-type=\"widget\" data-widget_type=\"image.default\">\n\t\t\t\t<div class=\"elementor-widget-container\">\n\t\t\t\t\t\t\t\t\t\t\t\t\t\t\t<img alt=\"\" loading=\"lazy\" decoding=\"async\" width=\"768\" height=\"576\" src=\"https:\/\/numalis.com\/wp-content\/uploads\/2024\/08\/numalis-and-ai-research-768x576.jpg\" class=\"attachment-medium_large size-medium_large wp-image-5913\" alt=\"\" srcset=\"https:\/\/numalis.com\/wp-content\/uploads\/2024\/08\/numalis-and-ai-research-768x576.jpg.webp 768w, https:\/\/numalis.com\/wp-content\/uploads\/2024\/08\/numalis-and-ai-research-300x225.jpg.webp 300w, https:\/\/numalis.com\/wp-content\/uploads\/2024\/08\/numalis-and-ai-research-1024x768.jpg.webp 1024w, https:\/\/numalis.com\/wp-content\/uploads\/2024\/08\/numalis-and-ai-research-1536x1152.jpg.webp 1536w, https:\/\/numalis.com\/wp-content\/uploads\/2024\/08\/numalis-and-ai-research.jpg.webp 1600w\" sizes=\"(max-width: 768px) 100vw, 768px\" \/>\t\t\t\t\t\t\t\t\t\t\t\t\t\t\t<\/div>\n\t\t\t\t<\/div>\n\t\t<div class=\"elementor-element elementor-element-2939d65 e-con-full e-flex e-con e-child\" data-id=\"2939d65\" data-element_type=\"container\" data-e-type=\"container\">\n\t\t\t\t<div class=\"elementor-element elementor-element-b88e43e elementor-widget__width-initial elementor-widget elementor-widget-text-editor\" data-id=\"b88e43e\" data-element_type=\"widget\" data-e-type=\"widget\" data-widget_type=\"text-editor.default\">\n\t\t\t\t<div class=\"elementor-widget-container\">\n\t\t\t\t\t\t\t\t\t<p>Nous aimons faire avancer la science et rendre l&rsquo;IA encore plus fiable. Nous pouvons ainsi nous assurer de l\u2019implantation des derni\u00e8res m\u00e9thodes dans nos outils, pour le b\u00e9n\u00e9fice rapide de nos partenaires.<\/p>\n\t\t\t\t\t\t\t\t<\/div>\n\t\t\t\t<\/div>\n\t\t\t\t<div class=\"elementor-element elementor-element-ebdd65f elementor-widget__width-auto elementor-widget elementor-widget-text-editor\" data-id=\"ebdd65f\" data-element_type=\"widget\" data-e-type=\"widget\" data-widget_type=\"text-editor.default\">\n\t\t\t\t<div class=\"elementor-widget-container\">\n\t\t\t\t\t\t\t\t\t<p><a href=\"https:\/\/dblp.org\/pid\/82\/3734.html\" target=\"_blank\" rel=\"noopener\">Consultez nos articles<\/a><\/p>\n\t\t\t\t\t\t\t\t<\/div>\n\t\t\t\t<\/div>\n\t\t\t\t<\/div>\n\t\t\t\t<\/div>\n\t\t\t\t\t<\/div>\n\t\t\t\t<\/div>\n\t\t<div class=\"elementor-element elementor-element-90635eb e-flex e-con-boxed e-con e-parent\" data-id=\"90635eb\" data-element_type=\"container\" data-e-type=\"container\">\n\t\t\t\t\t<div class=\"e-con-inner\">\n\t\t<div class=\"elementor-element elementor-element-f447611 e-con-full e-flex e-con e-child\" data-id=\"f447611\" data-element_type=\"container\" data-e-type=\"container\" data-settings=\"{&quot;background_background&quot;:&quot;classic&quot;}\">\n\t\t\t\t<div class=\"elementor-element elementor-element-38d3eae elementor-widget elementor-widget-heading\" data-id=\"38d3eae\" data-element_type=\"widget\" data-e-type=\"widget\" data-widget_type=\"heading.default\">\n\t\t\t\t<div class=\"elementor-widget-container\">\n\t\t\t\t\t<h2 class=\"elementor-heading-title elementor-size-default\">La R&amp;D au c\u0153ur m\u00eame de Numalis<\/h2>\t\t\t\t<\/div>\n\t\t\t\t<\/div>\n\t\t<div class=\"elementor-element elementor-element-0acb6ae e-con-full e-flex e-con e-child\" data-id=\"0acb6ae\" data-element_type=\"container\" data-e-type=\"container\">\n\t\t\t\t<div class=\"elementor-element elementor-element-d1304c7 elementor-widget__width-initial elementor-widget elementor-widget-icon-box\" data-id=\"d1304c7\" data-element_type=\"widget\" data-e-type=\"widget\" data-widget_type=\"icon-box.default\">\n\t\t\t\t<div class=\"elementor-widget-container\">\n\t\t\t\t\t\t\t<div class=\"elementor-icon-box-wrapper\">\n\n\t\t\t\n\t\t\t\t\t\t<div class=\"elementor-icon-box-content\">\n\n\t\t\t\t\t\t\t\t\t<h3 class=\"elementor-icon-box-title\">\n\t\t\t\t\t\t<span  >\n\t\t\t\t\t\t\t25\t\t\t\t\t\t<\/span>\n\t\t\t\t\t<\/h3>\n\t\t\t\t\n\t\t\t\t\t\t\t\t\t<p class=\"elementor-icon-box-description\">\n\t\t\t\t\t\tAnn\u00e9es de R&amp;D\t\t\t\t\t<\/p>\n\t\t\t\t\n\t\t\t<\/div>\n\t\t\t\n\t\t<\/div>\n\t\t\t\t\t\t<\/div>\n\t\t\t\t<\/div>\n\t\t\t\t<div class=\"elementor-element elementor-element-595fa27 elementor-widget__width-initial elementor-widget elementor-widget-icon-box\" data-id=\"595fa27\" data-element_type=\"widget\" data-e-type=\"widget\" data-widget_type=\"icon-box.default\">\n\t\t\t\t<div class=\"elementor-widget-container\">\n\t\t\t\t\t\t\t<div class=\"elementor-icon-box-wrapper\">\n\n\t\t\t\n\t\t\t\t\t\t<div class=\"elementor-icon-box-content\">\n\n\t\t\t\t\t\t\t\t\t<h3 class=\"elementor-icon-box-title\">\n\t\t\t\t\t\t<span  >\n\t\t\t\t\t\t\t40+\t\t\t\t\t\t<\/span>\n\t\t\t\t\t<\/h3>\n\t\t\t\t\n\t\t\t\t\t\t\t\t\t<p class=\"elementor-icon-box-description\">\n\t\t\t\t\t\tArticles sur l'industrie\t\t\t\t\t<\/p>\n\t\t\t\t\n\t\t\t<\/div>\n\t\t\t\n\t\t<\/div>\n\t\t\t\t\t\t<\/div>\n\t\t\t\t<\/div>\n\t\t\t\t<div class=\"elementor-element elementor-element-951598a elementor-widget__width-initial elementor-widget elementor-widget-icon-box\" data-id=\"951598a\" data-element_type=\"widget\" data-e-type=\"widget\" data-widget_type=\"icon-box.default\">\n\t\t\t\t<div class=\"elementor-widget-container\">\n\t\t\t\t\t\t\t<div class=\"elementor-icon-box-wrapper\">\n\n\t\t\t\n\t\t\t\t\t\t<div class=\"elementor-icon-box-content\">\n\n\t\t\t\t\t\t\t\t\t<h3 class=\"elementor-icon-box-title\">\n\t\t\t\t\t\t<span  >\n\t\t\t\t\t\t\t15\t\t\t\t\t\t<\/span>\n\t\t\t\t\t<\/h3>\n\t\t\t\t\n\t\t\t\t\t\t\t\t\t<p class=\"elementor-icon-box-description\">\n\t\t\t\t\t\tDoctorants et ing\u00e9nieurs\t\t\t\t\t<\/p>\n\t\t\t\t\n\t\t\t<\/div>\n\t\t\t\n\t\t<\/div>\n\t\t\t\t\t\t<\/div>\n\t\t\t\t<\/div>\n\t\t\t\t<\/div>\n\t\t\t\t<\/div>\n\t\t\t\t\t<\/div>\n\t\t\t\t<\/div>\n\t\t<div class=\"elementor-element elementor-element-134d650 e-con-full e-flex e-con e-parent\" data-id=\"134d650\" data-element_type=\"container\" data-e-type=\"container\">\n\t\t\t\t<div class=\"elementor-element elementor-element-0a228cd elementor-widget elementor-widget-shortcode\" data-id=\"0a228cd\" data-element_type=\"widget\" data-e-type=\"widget\" data-widget_type=\"shortcode.default\">\n\t\t\t\t<div class=\"elementor-widget-container\">\n\t\t\t\t\t\t\t<div class=\"elementor-shortcode\">\t\t<div data-elementor-type=\"container\" data-elementor-id=\"6415\" class=\"elementor elementor-6415 elementor-997 elementor-997\" data-elementor-post-type=\"elementor_library\">\n\t\t\t\t<div class=\"elementor-element elementor-element-5de5f67 e-flex e-con-boxed e-con e-parent\" data-id=\"5de5f67\" data-element_type=\"container\" data-e-type=\"container\">\n\t\t\t\t\t<div class=\"e-con-inner\">\n\t\t\t\t<div class=\"elementor-element elementor-element-c0c0f8b elementor-widget__width-inherit elementor-widget elementor-widget-heading\" data-id=\"c0c0f8b\" data-element_type=\"widget\" data-e-type=\"widget\" data-widget_type=\"heading.default\">\n\t\t\t\t<div class=\"elementor-widget-container\">\n\t\t\t\t\t<h2 class=\"elementor-heading-title elementor-size-default\">Travaillons ensemble<\/h2>\t\t\t\t<\/div>\n\t\t\t\t<\/div>\n\t\t\t\t<div class=\"elementor-element elementor-element-22f2c29 elementor-widget__width-inherit elementor-widget elementor-widget-text-editor\" data-id=\"22f2c29\" data-element_type=\"widget\" data-e-type=\"widget\" data-widget_type=\"text-editor.default\">\n\t\t\t\t<div class=\"elementor-widget-container\">\n\t\t\t\t\t\t\t\t\t<p>Contactez-nous d\u00e8s aujourd&rsquo;hui pour d\u00e9couvrir comment Numalis peut vous aider \u00e0 adopter et \u00e0 d\u00e9ployer l&rsquo;IA en toute confiance.<\/p>\n\t\t\t\t\t\t\t\t<\/div>\n\t\t\t\t<\/div>\n\t\t\t\t<div class=\"elementor-element elementor-element-b4f6261 elementor-widget-mobile__width-inherit elementor-widget elementor-widget-button\" data-id=\"b4f6261\" data-element_type=\"widget\" data-e-type=\"widget\" data-widget_type=\"button.default\">\n\t\t\t\t<div class=\"elementor-widget-container\">\n\t\t\t\t\t\t\t\t\t<div class=\"elementor-button-wrapper\">\n\t\t\t\t\t<a class=\"elementor-button elementor-button-link elementor-size-sm\" href=\"https:\/\/numalis.com\/fr\/contact\/\">\n\t\t\t\t\t\t<span class=\"elementor-button-content-wrapper\">\n\t\t\t\t\t\t<span class=\"elementor-button-icon\">\n\t\t\t\t<i aria-hidden=\"true\" class=\"far fa-envelope\"><\/i>\t\t\t<\/span>\n\t\t\t\t\t\t\t\t\t<span class=\"elementor-button-text\">Nous contacter<\/span>\n\t\t\t\t\t<\/span>\n\t\t\t\t\t<\/a>\n\t\t\t\t<\/div>\n\t\t\t\t\t\t\t\t<\/div>\n\t\t\t\t<\/div>\n\t\t\t\t<div class=\"elementor-element elementor-element-5343c0d elementor-widget-mobile__width-inherit elementor-widget elementor-widget-button\" data-id=\"5343c0d\" data-element_type=\"widget\" data-e-type=\"widget\" data-widget_type=\"button.default\">\n\t\t\t\t<div class=\"elementor-widget-container\">\n\t\t\t\t\t\t\t\t\t<div class=\"elementor-button-wrapper\">\n\t\t\t\t\t<a class=\"elementor-button elementor-button-link elementor-size-sm\" href=\"tel:\/\/+33467151078\">\n\t\t\t\t\t\t<span class=\"elementor-button-content-wrapper\">\n\t\t\t\t\t\t<span class=\"elementor-button-icon\">\n\t\t\t\t<i aria-hidden=\"true\" class=\"fas fa-phone-alt\"><\/i>\t\t\t<\/span>\n\t\t\t\t\t\t\t\t\t<span class=\"elementor-button-text\">+33 (0)4 67 15 10 78<\/span>\n\t\t\t\t\t<\/span>\n\t\t\t\t\t<\/a>\n\t\t\t\t<\/div>\n\t\t\t\t\t\t\t\t<\/div>\n\t\t\t\t<\/div>\n\t\t\t\t\t<\/div>\n\t\t\t\t<\/div>\n\t\t\t\t<\/div>\n\t\t<\/div>\n\t\t\t\t\t\t<\/div>\n\t\t\t\t<\/div>\n\t\t\t\t<\/div>\n\t\t\t\t<\/div>\n\t\t","protected":false},"excerpt":{"rendered":"<p>R&amp;D et Enseignement R&amp;D est l&rsquo;essence m\u00eame de Numalis, avec une \u00e9quipe forte et d\u00e9di\u00e9e \u00e0 repousser les limites de la validation de l&rsquo;IA et \u00e0 permettre son impl\u00e9mentation dans tous les outils industriels. Enseignement Nous permettons aux industries de mettre en \u0153uvre les derni\u00e8res m\u00e9thodes acad\u00e9miques de validation de l&rsquo;IA afin de garantir la [&hellip;]<\/p>\n","protected":false},"author":8,"featured_media":0,"parent":0,"menu_order":0,"comment_status":"closed","ping_status":"closed","template":"","meta":{"_acf_changed":false,"_seopress_robots_primary_cat":"","_seopress_titles_title":"","_seopress_titles_desc":"","_seopress_robots_index":"","footnotes":""},"class_list":["post-7647","page","type-page","status-publish","hentry"],"acf":[],"_links":{"self":[{"href":"https:\/\/numalis.com\/fr\/wp-json\/wp\/v2\/pages\/7647","targetHints":{"allow":["GET"]}}],"collection":[{"href":"https:\/\/numalis.com\/fr\/wp-json\/wp\/v2\/pages"}],"about":[{"href":"https:\/\/numalis.com\/fr\/wp-json\/wp\/v2\/types\/page"}],"author":[{"embeddable":true,"href":"https:\/\/numalis.com\/fr\/wp-json\/wp\/v2\/users\/8"}],"replies":[{"embeddable":true,"href":"https:\/\/numalis.com\/fr\/wp-json\/wp\/v2\/comments?post=7647"}],"version-history":[{"count":0,"href":"https:\/\/numalis.com\/fr\/wp-json\/wp\/v2\/pages\/7647\/revisions"}],"wp:attachment":[{"href":"https:\/\/numalis.com\/fr\/wp-json\/wp\/v2\/media?parent=7647"}],"curies":[{"name":"wp","href":"https:\/\/api.w.org\/{rel}","templated":true}]}}